{"id":275,"date":"2025-06-24T07:02:47","date_gmt":"2025-06-24T07:02:47","guid":{"rendered":"https:\/\/anca634.supserv.cozmoslabs.com\/?page_id=275"},"modified":"2025-06-24T07:02:47","modified_gmt":"2025-06-24T07:02:47","slug":"another-test-german","status":"publish","type":"page","link":"https:\/\/anca634.supserv.cozmoslabs.com\/de\/another-test-german\/","title":{"rendered":"another test german"},"content":{"rendered":"\n<p>Sterne sind \u201eleuchtende\u201c Himmelsk\u00f6rper aus hei\u00dfem Gas, haupts\u00e4chlich Wasserstoff und \u201eHelium\u201c. Sie erzeugen Licht und W\u00e4rme \u201edurch Kernfusion\u201c in ihrem Inneren. Sterne \u201eunterscheiden\u201c sich in Gr\u00f6\u00dfe, Farbe und Helligkeit und spielen eine wichtige Rolle im \u201eUniversum\u201c und in der Astronomie.<\/p>\n\n\n\n<p><\/p>\n","protected":false},"excerpt":{"rendered":"<p>Sterne sind \u201eleuchtende\u201c Himmelsk\u00f6rper aus hei\u00dfem Gas, haupts\u00e4chlich Wasserstoff und \u201eHelium\u201c. Sie erzeugen Licht und W\u00e4rme \u201edurch Kernfusion\u201c in ihrem Inneren. Sterne \u201eunterscheiden\u201c sich in Gr\u00f6\u00dfe, Farbe und Helligkeit und spielen eine wichtige Rolle im \u201eUniversum\u201c und in der Astronomie.<\/p>\n","protected":false},"author":1,"featured_media":0,"parent":0,"menu_order":0,"comment_status":"closed","ping_status":"closed","template":"","meta":{"footnotes":""},"class_list":["post-275","page","type-page","status-publish","hentry"],"_links":{"self":[{"href":"https:\/\/anca634.supserv.cozmoslabs.com\/de\/wp-json\/wp\/v2\/pages\/275","targetHints":{"allow":["GET"]}}],"collection":[{"href":"https:\/\/anca634.supserv.cozmoslabs.com\/de\/wp-json\/wp\/v2\/pages"}],"about":[{"href":"https:\/\/anca634.supserv.cozmoslabs.com\/de\/wp-json\/wp\/v2\/types\/page"}],"author":[{"embeddable":true,"href":"https:\/\/anca634.supserv.cozmoslabs.com\/de\/wp-json\/wp\/v2\/users\/1"}],"replies":[{"embeddable":true,"href":"https:\/\/anca634.supserv.cozmoslabs.com\/de\/wp-json\/wp\/v2\/comments?post=275"}],"version-history":[{"count":1,"href":"https:\/\/anca634.supserv.cozmoslabs.com\/de\/wp-json\/wp\/v2\/pages\/275\/revisions"}],"predecessor-version":[{"id":278,"href":"https:\/\/anca634.supserv.cozmoslabs.com\/de\/wp-json\/wp\/v2\/pages\/275\/revisions\/278"}],"wp:attachment":[{"href":"https:\/\/anca634.supserv.cozmoslabs.com\/de\/wp-json\/wp\/v2\/media?parent=275"}],"curies":[{"name":"wp","href":"https:\/\/api.w.org\/{rel}","templated":true}]}}