{"id":279,"date":"2025-06-24T09:21:41","date_gmt":"2025-06-24T09:21:41","guid":{"rendered":"https:\/\/anca634.supserv.cozmoslabs.com\/?page_id=279"},"modified":"2025-06-24T09:24:56","modified_gmt":"2025-06-24T09:24:56","slug":"teest","status":"publish","type":"page","link":"https:\/\/anca634.supserv.cozmoslabs.com\/de\/teest\/","title":{"rendered":"teest"},"content":{"rendered":"\n<p>Einsteckt\u00fccher Wollweiss \u201ehandgerollt\u201c mit farblich abgesetzter Umrandung sind handgefertigt und stehen f\u00fcr italienisch-zeitlose Eleganz. Die Gr\u00f6\u00dfe dieses im Luxus Design kreiertem Einstecktuch ist 30 x 30 cm. 100% Seide \u201ehandgefertigt und handrolliert\u201c. Edelste Twill Seide, in bester Verarbeitung und h\u00f6chster Webdichte, brilliert in den sch\u00f6nsten Farbkombinationen. Ein edler Eye Catcher aus Italien. Diese \u201eEinstecktuch Linie\u201c wird Ihr pers\u00f6nliches Geschenk f\u00fcr Anl\u00e4sse wie Unternehmensgeschenke, Geburtstage oder Weihnachten \u201eoptimal\u201c abrunden.<\/p>\n","protected":false},"excerpt":{"rendered":"<p>Einsteckt\u00fccher Wollweiss \u201ehandgerollt\u201c mit farblich abgesetzter Umrandung sind handgefertigt und stehen f\u00fcr italienisch-zeitlose Eleganz. Die Gr\u00f6\u00dfe dieses im Luxus Design kreiertem Einstecktuch ist 30 x 30 cm. 100% Seide \u201ehandgefertigt und handrolliert\u201c. Edelste Twill Seide, in bester Verarbeitung und h\u00f6chster Webdichte, brilliert in den sch\u00f6nsten Farbkombinationen. Ein edler Eye Catcher aus Italien. Diese \u201eEinstecktuch Linie\u201c [&hellip;]<\/p>\n","protected":false},"author":1,"featured_media":0,"parent":0,"menu_order":0,"comment_status":"closed","ping_status":"closed","template":"","meta":{"footnotes":""},"class_list":["post-279","page","type-page","status-publish","hentry"],"_links":{"self":[{"href":"https:\/\/anca634.supserv.cozmoslabs.com\/de\/wp-json\/wp\/v2\/pages\/279","targetHints":{"allow":["GET"]}}],"collection":[{"href":"https:\/\/anca634.supserv.cozmoslabs.com\/de\/wp-json\/wp\/v2\/pages"}],"about":[{"href":"https:\/\/anca634.supserv.cozmoslabs.com\/de\/wp-json\/wp\/v2\/types\/page"}],"author":[{"embeddable":true,"href":"https:\/\/anca634.supserv.cozmoslabs.com\/de\/wp-json\/wp\/v2\/users\/1"}],"replies":[{"embeddable":true,"href":"https:\/\/anca634.supserv.cozmoslabs.com\/de\/wp-json\/wp\/v2\/comments?post=279"}],"version-history":[{"count":3,"href":"https:\/\/anca634.supserv.cozmoslabs.com\/de\/wp-json\/wp\/v2\/pages\/279\/revisions"}],"predecessor-version":[{"id":285,"href":"https:\/\/anca634.supserv.cozmoslabs.com\/de\/wp-json\/wp\/v2\/pages\/279\/revisions\/285"}],"wp:attachment":[{"href":"https:\/\/anca634.supserv.cozmoslabs.com\/de\/wp-json\/wp\/v2\/media?parent=279"}],"curies":[{"name":"wp","href":"https:\/\/api.w.org\/{rel}","templated":true}]}}