{"id":288,"date":"2025-06-30T11:38:28","date_gmt":"2025-06-30T11:38:28","guid":{"rendered":"https:\/\/anca634.supserv.cozmoslabs.com\/?page_id=288"},"modified":"2025-06-30T11:38:28","modified_gmt":"2025-06-30T11:38:28","slug":"another-test-5","status":"publish","type":"page","link":"https:\/\/anca634.supserv.cozmoslabs.com\/it\/another-test-5\/","title":{"rendered":"un altro test 5"},"content":{"rendered":"<p><a href=\"https:\/\/shop.tiesolution.org\/sl\/izdelek\/svilen-robcek-rocno-zavit-z-barvnim-kontrastom-30-x-30-cm\/?attribute_pa_farbe=weiss-gruen#\"><\/a><\/p>\n\n\n\n<figure class=\"wp-block-table\"><table class=\"has-fixed-layout\"><tbody><tr><th>Barv<\/th><td><\/td><\/tr><\/tbody><\/table><\/figure>\n\n\n\n<p>I fazzoletti da taschino in lana bianca \"arrotolati a mano\" con bordo colorato a contrasto sono realizzati a mano e sono sinonimo di eleganza italiana senza tempo. Le dimensioni di questo fazzoletto da taschino dal design lussuoso sono 30 x 30 cm. 100% seta \"fatta a mano e arrotolata a mano\". La seta twill pi\u00f9 fine, con la migliore lavorazione e la pi\u00f9 alta densit\u00e0 di trama, risplende nelle pi\u00f9 belle combinazioni di colori. Un elegante richiamo visivo dall'Italia. Questa linea di fazzoletti da taschino completer\u00e0 perfettamente il vostro regalo personalizzato per occasioni come regali aziendali, compleanni o Natale.<\/p>\n\n\n\n<p><\/p>","protected":false},"excerpt":{"rendered":"<p>Barv Einsteckt\u00fccher Wollweiss \u201ehandgerollt\u201c mit farblich abgesetzter Umrandung sind handgefertigt und stehen f\u00fcr italienisch-zeitlose Eleganz. Die Gr\u00f6\u00dfe dieses im Luxus Design kreiertem Einstecktuch ist 30 x 30 cm. 100% Seide \u201ehandgefertigt und handrolliert\u201c. Edelste Twill Seide, in bester Verarbeitung und h\u00f6chster Webdichte, brilliert in den sch\u00f6nsten Farbkombinationen. Ein edler Eye Catcher aus Italien. Diese Einstecktuch [&hellip;]<\/p>","protected":false},"author":1,"featured_media":0,"parent":0,"menu_order":0,"comment_status":"closed","ping_status":"closed","template":"","meta":{"footnotes":""},"class_list":["post-288","page","type-page","status-publish","hentry"],"_links":{"self":[{"href":"https:\/\/anca634.supserv.cozmoslabs.com\/it\/wp-json\/wp\/v2\/pages\/288","targetHints":{"allow":["GET"]}}],"collection":[{"href":"https:\/\/anca634.supserv.cozmoslabs.com\/it\/wp-json\/wp\/v2\/pages"}],"about":[{"href":"https:\/\/anca634.supserv.cozmoslabs.com\/it\/wp-json\/wp\/v2\/types\/page"}],"author":[{"embeddable":true,"href":"https:\/\/anca634.supserv.cozmoslabs.com\/it\/wp-json\/wp\/v2\/users\/1"}],"replies":[{"embeddable":true,"href":"https:\/\/anca634.supserv.cozmoslabs.com\/it\/wp-json\/wp\/v2\/comments?post=288"}],"version-history":[{"count":1,"href":"https:\/\/anca634.supserv.cozmoslabs.com\/it\/wp-json\/wp\/v2\/pages\/288\/revisions"}],"predecessor-version":[{"id":291,"href":"https:\/\/anca634.supserv.cozmoslabs.com\/it\/wp-json\/wp\/v2\/pages\/288\/revisions\/291"}],"wp:attachment":[{"href":"https:\/\/anca634.supserv.cozmoslabs.com\/it\/wp-json\/wp\/v2\/media?parent=288"}],"curies":[{"name":"wp","href":"https:\/\/api.w.org\/{rel}","templated":true}]}}