{"id":294,"date":"2025-07-08T11:08:57","date_gmt":"2025-07-08T11:08:57","guid":{"rendered":"https:\/\/anca634.supserv.cozmoslabs.com\/?page_id=294"},"modified":"2025-07-08T11:08:57","modified_gmt":"2025-07-08T11:08:57","slug":"einstecktuecher-wollweiss","status":"publish","type":"page","link":"https:\/\/anca634.supserv.cozmoslabs.com\/ro\/einstecktuecher-wollweiss\/","title":{"rendered":"Einsteckt\u00fccher Wollweiss"},"content":{"rendered":"<p>Einsteckt\u00fccher Wollweiss \u201chandgerollt\u201d mit farblich abgesetzter Umrandung sind handgefertigt und stehen f\u00fcr italienisch-zeitlose Eleganz. Die Gr\u00f6\u00dfe dieses im Luxus Design kreiertem Einstecktuch ist 30 x 30 cm. 100% Seide \u201chandgefertigt und handrolliert\u201d. Edelste Twill Seide, in bester Verarbeitung und h\u00f6chster Webdichte, brilliert in den sch\u00f6nsten Farbkombinationen.<\/p>","protected":false},"excerpt":{"rendered":"<p>Einsteckt\u00fccher Wollweiss \u201chandgerollt\u201d mit farblich abgesetzter Umrandung sind handgefertigt und stehen f\u00fcr italienisch-zeitlose Eleganz. Die Gr\u00f6\u00dfe dieses im Luxus Design kreiertem Einstecktuch ist 30 x 30 cm. 100% Seide \u201chandgefertigt und handrolliert\u201d. Edelste Twill Seide, in bester Verarbeitung und h\u00f6chster Webdichte, brilliert in den sch\u00f6nsten Farbkombinationen.<\/p>","protected":false},"author":1,"featured_media":0,"parent":0,"menu_order":0,"comment_status":"closed","ping_status":"closed","template":"","meta":{"footnotes":""},"class_list":["post-294","page","type-page","status-publish","hentry"],"_links":{"self":[{"href":"https:\/\/anca634.supserv.cozmoslabs.com\/ro\/wp-json\/wp\/v2\/pages\/294","targetHints":{"allow":["GET"]}}],"collection":[{"href":"https:\/\/anca634.supserv.cozmoslabs.com\/ro\/wp-json\/wp\/v2\/pages"}],"about":[{"href":"https:\/\/anca634.supserv.cozmoslabs.com\/ro\/wp-json\/wp\/v2\/types\/page"}],"author":[{"embeddable":true,"href":"https:\/\/anca634.supserv.cozmoslabs.com\/ro\/wp-json\/wp\/v2\/users\/1"}],"replies":[{"embeddable":true,"href":"https:\/\/anca634.supserv.cozmoslabs.com\/ro\/wp-json\/wp\/v2\/comments?post=294"}],"version-history":[{"count":1,"href":"https:\/\/anca634.supserv.cozmoslabs.com\/ro\/wp-json\/wp\/v2\/pages\/294\/revisions"}],"predecessor-version":[{"id":297,"href":"https:\/\/anca634.supserv.cozmoslabs.com\/ro\/wp-json\/wp\/v2\/pages\/294\/revisions\/297"}],"wp:attachment":[{"href":"https:\/\/anca634.supserv.cozmoslabs.com\/ro\/wp-json\/wp\/v2\/media?parent=294"}],"curies":[{"name":"wp","href":"https:\/\/api.w.org\/{rel}","templated":true}]}}